{"id":1707,"date":"2023-07-10T15:30:01","date_gmt":"2023-07-10T13:30:01","guid":{"rendered":"https:\/\/homehartmann.com\/credits\/"},"modified":"2023-07-11T16:05:27","modified_gmt":"2023-07-11T14:05:27","slug":"credits","status":"publish","type":"page","link":"https:\/\/homehartmann.com\/fr\/credits\/","title":{"rendered":"Cr\u00e9dits"},"content":{"rendered":"\n<p><strong class=\"privacy-policy-tutorial\">2023 HomeHartmann &#8211; Tous droits r\u00e9serv\u00e9s<\/strong><\/p>\n\n<p><strong>Conception et d\u00e9veloppement du<\/strong> <strong>site web par Patrick Gazzoli \u00a9 2023<\/strong> &#8211; <strong><a rel=\"noreferrer noopener\" href=\"https:\/\/www.opificioartistico.it\/\" data-type=\"URL\" data-id=\"https:\/\/www.opificioartistico.it\/\" target=\"_blank\">Opificio Artistico<\/a><\/strong><\/p>\n\n<p><strong>Photos de Fausto Mirandoli<\/strong><\/p>\n\n<p><\/p>\n\n<p><strong>Droit d&rsquo;auteur et information sur le droit d&rsquo;auteur (loi n\u00b0 633 du 22 avril 1941, telle que modifi\u00e9e, et titre IX du cinqui\u00e8me livre du code civil)<\/strong><\/p>\n\n<p><strong>Tous les logos et marques pr\u00e9sents sur le site sont la propri\u00e9t\u00e9 de leurs conc\u00e9dants respectifs. Tous les contenus (c&rsquo;est-\u00e0-dire les photographies, les textes, les dessins, les vid\u00e9os, etc.) de ce site sont prot\u00e9g\u00e9s par le droit d&rsquo;auteur, et toute reproduction (m\u00eame partielle) est donc interdite sans autorisation pr\u00e9alable.<\/strong><\/p>\n\n<div style=\"height:431px\" aria-hidden=\"true\" class=\"wp-block-spacer\"><\/div>\n","protected":false},"excerpt":{"rendered":"<p>2023 HomeHartmann &#8211; Tous droits r\u00e9serv\u00e9s Conception et d\u00e9veloppement du site web par Patrick Gazzoli \u00a9 2023 &#8211; Opificio Artistico Photos de Fausto Mirandoli Droit d&rsquo;auteur et information sur le droit d&rsquo;auteur (loi n\u00b0 633 du 22 avril 1941, telle que modifi\u00e9e, et titre IX du cinqui\u00e8me livre du code civil) Tous les logos et [&hellip;]<\/p>\n","protected":false},"author":1,"featured_media":0,"parent":0,"menu_order":0,"comment_status":"closed","ping_status":"open","template":"","meta":{"_et_pb_use_builder":"","_et_pb_old_content":"","_et_gb_content_width":"","footnotes":""},"difl_page_category":[],"class_list":["post-1707","page","type-page","status-publish","hentry"],"_links":{"self":[{"href":"https:\/\/homehartmann.com\/fr\/wp-json\/wp\/v2\/pages\/1707","targetHints":{"allow":["GET"]}}],"collection":[{"href":"https:\/\/homehartmann.com\/fr\/wp-json\/wp\/v2\/pages"}],"about":[{"href":"https:\/\/homehartmann.com\/fr\/wp-json\/wp\/v2\/types\/page"}],"author":[{"embeddable":true,"href":"https:\/\/homehartmann.com\/fr\/wp-json\/wp\/v2\/users\/1"}],"replies":[{"embeddable":true,"href":"https:\/\/homehartmann.com\/fr\/wp-json\/wp\/v2\/comments?post=1707"}],"version-history":[{"count":2,"href":"https:\/\/homehartmann.com\/fr\/wp-json\/wp\/v2\/pages\/1707\/revisions"}],"predecessor-version":[{"id":1714,"href":"https:\/\/homehartmann.com\/fr\/wp-json\/wp\/v2\/pages\/1707\/revisions\/1714"}],"wp:attachment":[{"href":"https:\/\/homehartmann.com\/fr\/wp-json\/wp\/v2\/media?parent=1707"}],"wp:term":[{"taxonomy":"difl_page_category","embeddable":true,"href":"https:\/\/homehartmann.com\/fr\/wp-json\/wp\/v2\/difl_page_category?post=1707"}],"curies":[{"name":"wp","href":"https:\/\/api.w.org\/{rel}","templated":true}]}}