{"id":4445,"date":"2025-07-08T16:54:22","date_gmt":"2025-07-08T14:54:22","guid":{"rendered":"https:\/\/homehartmann.com\/?page_id=4445"},"modified":"2025-07-08T16:54:25","modified_gmt":"2025-07-08T14:54:25","slug":"bb-verbania-guenstige-unterkunft-fuer-familien","status":"publish","type":"page","link":"https:\/\/homehartmann.com\/de\/bb-verbania-guenstige-unterkunft-fuer-familien\/","title":{"rendered":"B&amp;B Verbania: G\u00fcnstige Unterkunft f\u00fcr Familien"},"content":{"rendered":"\n<h3 class=\"wp-block-heading\">Entdecken Sie Hartmann Feel at Home \u2013 Eine ruhige Oase zwischen Stresa und Verbania<\/h3>\n\n\n\n<p><strong>Wenn Sie von einem Familienurlaub im Gr\u00fcnen tr\u00e4umen, mit frischer Luft und atemberaubendem Seeblick \u2013 nicht nur ein Ort zum Schlafen, sondern ein Ort zum Wohlf\u00fchlen \u2013 dann ist Hartmann Feel at Home genau das, was Sie suchen.<\/strong><\/p>\n\n\n\n<p>Stellen Sie sich vor, Sie wachen auf mit dem sanften Rascheln der B\u00e4ume und Vogelgezwitscher, treten auf eine sonnenverw\u00f6hnte Terrasse hinaus und atmen die klare Bergluft gemischt mit dem zarten Duft von Blumen und dem glitzernden Schimmer des Lago Maggiore ein. In <em>Hartmann Feel at Home<\/em> beginnt Ihr Urlaub mit der Ankunft \u2013 nicht mit einer Rezeption oder einem formellen Check-in, sondern mit einem warmen L\u00e4cheln, einer herzlichen Begr\u00fc\u00dfung und dem Gef\u00fchl, ein echtes Zuhause fernab von Zuhause gefunden zu haben.<\/p>\n\n\n\n<p>In den ruhigen, gr\u00fcnen H\u00fcgeln oberhalb der eleganten Seestadt <strong>Stresa<\/strong> gelegen, ist dieses charmante G\u00e4stehaus mehr als nur eine Unterkunft \u2013 es ist ein Erlebnis, das auf Erholung, Verbundenheit und Entdeckung ausgerichtet ist. Ob Sie einen ruhigen Familienurlaub, eine romantische Auszeit, einen Solo-R\u00fcckzug oder ein Abenteuer mit Freunden planen, <em>Hartmann Feel at Home<\/em> bietet einen einzigartigen Ort, an dem Komfort auf Authentizit\u00e4t trifft.<\/p>\n\n\n\n<p>Strategisch gelegen, nur eine kurze Fahrt von den bekanntesten Zielen der Region entfernt \u2013 <strong>Verbania<\/strong>, <strong>Arona<\/strong> und die bezaubernden <strong>Borrom\u00e4ischen Inseln<\/strong> \u2013 bietet dieses Refugium einfachen Zugang zu allem, was der <strong>Lago Maggiore<\/strong> zu bieten hat: Bootstouren, historische Villen, Panoramawanderungen, kulturelle Ausfl\u00fcge, gehobene K\u00fcche und unvergessliche Sonnenunterg\u00e4nge \u00fcber dem Wasser. Und doch bleibt es abseits der touristischen Trampelpfade \u2013 ideal f\u00fcr alle, die Ruhe und Natur suchen.<\/p>\n\n\n\n<p>Das G\u00e4stehaus selbst wurde mit viel Liebe zum Detail gestaltet, um den Geist der Region widerzuspiegeln \u2013 einfach, aber stilvoll, gem\u00fctlich und elegant zugleich, mit nat\u00fcrlichen Materialien, sanfter Beleuchtung und Panoramablicken an jeder Ecke. Jedes Apartment oder jede Suite ist mit allem ausgestattet, was Sie f\u00fcr einen sorgenfreien Aufenthalt ben\u00f6tigen: ger\u00e4umige Schlafzimmer, voll ausgestattete K\u00fcchen, moderne Badezimmer und einladende Wohnbereiche mit Zugang zu privaten Au\u00dfenbereichen.<\/p>\n\n\n\n<p>Was <em>Hartmann Feel at Home<\/em> jedoch wirklich besonders macht, ist die Atmosph\u00e4re echter <strong>Gastfreundschaft<\/strong>. Hier sind Sie nicht nur ein Gast \u2013 Sie sind Teil einer Gemeinschaft. Die Gastgeber lieben ihre Region und teilen gerne Tipps, Karten und pers\u00f6nliche Empfehlungen mit Ihnen. Sie brauchen Rat zu den sch\u00f6nsten Str\u00e4nden? Suchen Sie eine kinderfreundliche Wanderung? Oder ein kleines Lokal, in dem man wie ein echter Italiener essen kann? Fragen Sie einfach \u2013 man hilft Ihnen gern.<\/p>\n\n\n\n<p>Die Umgebung ist ein Paradies f\u00fcr Naturliebhaber und Kultursuchende gleicherma\u00dfen. Familien k\u00f6nnen den Tag im nahegelegenen <strong>Park der Villa Pallavicino<\/strong> verbringen \u2013 mit Tieren und botanischen G\u00e4rten \u2013 oder eine F\u00e4hre nehmen und die prachtvollen G\u00e4rten der <strong>Isola Madre<\/strong> sowie das barocke Schloss auf der <strong>Isola Bella<\/strong> besuchen. Paare genie\u00dfen einen Spaziergang entlang der <strong>Promenade von Stresa<\/strong>, eine Weinverkostung in den H\u00fcgeln des Alto Piemonte oder eine Bootsfahrt bei Sonnenuntergang. Abenteuerlustige k\u00f6nnen zum <strong>Monte Mottarone<\/strong> wandern oder radeln und den atemberaubenden Ausblick von den Alpen bis zu den Seen genie\u00dfen.<\/p>\n\n\n\n<p>Zur\u00fcck im G\u00e4stehaus l\u00e4dt die ruhige Atmosph\u00e4re zur Entspannung ein. Kinder spielen im Garten, Eltern genie\u00dfen ein Glas Wein auf der Terrasse und alle verbringen gemeinsame Zeit \u2013 fernab vom Trubel des Alltags. Am Abend k\u00f6nnen Sie gemeinsam mit lokalen Zutaten kochen, im Freien mit Aussicht essen oder einfach unter dem Sternenhimmel entspannen.<\/p>\n\n\n\n<p>Ob f\u00fcr ein Wochenende oder einen l\u00e4ngeren Urlaub \u2013 <em>Hartmann Feel at Home<\/em> ist ein Ort, der in Erinnerung bleibt. Ein Ort, an dem Erinnerungen entstehen, die Zeit langsamer vergeht und die einfachen Freuden der Natur, Verbindung und Gastfreundschaft in perfekter Harmonie zusammenkommen.<\/p>\n\n\n\n<p>Wenn Ihr Traumurlaub Komfort, Authentizit\u00e4t und die Freiheit beinhaltet, eine der sch\u00f6nsten Seenlandschaften Italiens in Ihrem eigenen Tempo zu erkunden, dann suchen Sie nicht weiter. <em>Hartmann Feel at Home<\/em> ist nicht nur ein Reiseziel \u2013 es ist der Beginn Ihrer n\u00e4chsten unvergesslichen Reise.<\/p>\n\n\n\n<hr class=\"wp-block-separator has-alpha-channel-opacity\"\/>\n\n\n\n<h2 class=\"wp-block-heading\"><strong>Mehr als ein Zimmer \u2013 Ein Zuhause nur f\u00fcr Sie<\/strong><\/h2>\n\n\n\n<div style=\"position: relative; padding-bottom: 56.25%; height: 0; overflow: hidden;\">\n  <iframe src=\"https:\/\/www.youtube.com\/embed\/dl_nRIjruW0?si=L7Nx5mg7q5yM7KMY\" title=\"YouTube video player\" frameborder=\"0\" allowfullscreen style=\"position: absolute; top: 0; left: 0; width: 100%; height: 100%;\"><\/iframe>\n<\/div>\n\n\n\n<p>Bei Hartmann Feel at Home erz\u00e4hlt jedes Zimmer eine Geschichte des Wohlbefindens. Inspiriert von den <strong>sieben Chakras<\/strong>, verwendet das Design jeder Unterkunft nat\u00fcrliche Farben und Materialien, um <strong>Komfort, Charakter und echte Erholung<\/strong> zu schaffen.<\/p>\n\n\n\n<p>Bei <strong>Hartmann Feel at Home<\/strong> glauben wir, dass Ihr Aufenthalt genauso pers\u00f6nlich sein sollte wie Ihre Reise selbst. Deshalb ist jedes unserer sieben Zimmer <strong>durchdacht gestaltet, individuell eingerichtet<\/strong> und voller ruhigem Charme.<\/p>\n\n\n\n<p>Statt standardisierter Hotelzimmer haben wir <strong>R\u00e4ume geschaffen, die mit Ihnen sprechen<\/strong> \u2013 mit sanften Farben, nat\u00fcrlichen Texturen und einer friedlichen Atmosph\u00e4re, die Ihnen hilft, sich vom ersten Moment an zu entspannen. Inspiriert von den <strong>sieben Chakras<\/strong> hat jedes Zimmer seinen eigenen Ton, seine eigene Stimmung und Bestimmung \u2013 so k\u00f6nnen Sie den Raum w\u00e4hlen, der zu Ihrer Energie passt.<\/p>\n\n\n\n<p>Alle Zimmer bieten:<\/p>\n\n\n\n<ul class=\"wp-block-list\">\n<li>Ein <strong>privates Badezimmer<\/strong> mit moderner, ger\u00e4umiger Dusche<\/li>\n\n\n\n<li>Gem\u00fctliche Betten mit <strong>hochwertiger Bettw\u00e4sche und Kissen<\/strong><\/li>\n\n\n\n<li><strong>Nat\u00fcrliche Materialien<\/strong> und beruhigende Farbpaletten<\/li>\n\n\n\n<li>Blick auf Garten, H\u00fcgel oder Wald<\/li>\n\n\n\n<li>Ein Gef\u00fchl von Ruhe, das Ihnen zu gutem Schlaf und frischem Erwachen verhilft<\/li>\n<\/ul>\n\n\n\n<hr class=\"wp-block-separator has-alpha-channel-opacity\"\/>\n\n\n<p>\ud83e\udde1 <strong>SWADHISTHANA ORANGE<\/strong> \u2013 <em>50 m\u00b2 Familiensuite<\/em><br>Ger\u00e4umig und lichtdurchflutet, mit <strong>zwei Einzelbetten<\/strong> und einem <strong>Schlafsofa<\/strong> in <strong>zwei getrennten R\u00e4umen<\/strong>. Ideal f\u00fcr Reisende, die Komfort und viel Platz w\u00fcnschen.<br><strong>Perfekt f\u00fcr<\/strong>: Familien, zwei Paare oder eine kleine Freundesgruppe.<\/p>\n\n\n\n<p>\ud83d\udd35 <strong>VISHUDDHA INDIGO<\/strong> \u2013 <em>31 m\u00b2 Suite f\u00fcr bis zu 4 Personen<\/em><br>Ein ruhiger, offener Raum mit <strong>zwei Einzelbetten<\/strong> und einem <strong>Schlafsofa<\/strong> \u2013 perfekt zum Entspannen nach einem erlebnisreichen Tag.<br><strong>Perfekt f\u00fcr<\/strong>: Familien, Freunde oder alle, die gerne mehr Platz haben.<\/p>\n\n\n\n<p>\ud83d\udc9b <strong>MANIPURA YELLOW<\/strong> \u2013 <em>16,5 m\u00b2 Gem\u00fctliches Doppelzimmer<\/em><br>Dieses warme und freundliche Zimmer bietet ein <strong>franz\u00f6sisches Bett (140 cm)<\/strong> und viel nat\u00fcrliches Licht.<br><strong>Perfekt f\u00fcr<\/strong>: Paare, Alleinreisende und alle, die gem\u00fctlichen Komfort sch\u00e4tzen.<\/p>\n\n\n\n<p>\ud83d\udc9a <strong>ANAHATA GREEN<\/strong> \u2013 <em>30 m\u00b2 Dreibettzimmer<\/em><br>Hell und luftig, mit <strong>zwei Einzelbetten<\/strong> und einem <strong>hochgestellten dritten Bett<\/strong>. Ruhig und ideal zum Auftanken.<br><strong>Perfekt f\u00fcr<\/strong>: Eltern mit einem Kind, drei Freunde oder ein Paar mit Platzbedarf.<\/p>\n\n\n\n<p>\ud83d\udd39 <strong>AJNA TURQUOISE<\/strong> \u2013 <em>16 m\u00b2 Doppelzimmer<\/em><br>Ein ruhiger R\u00fcckzugsort mit <strong>franz\u00f6sischem Bett<\/strong> und sanften, k\u00fchlen Farbt\u00f6nen. Schlicht, sauber und erholsam.<br><strong>Perfekt f\u00fcr<\/strong>: Paare oder Alleinreisende, die Ruhe suchen.<\/p>\n\n\n\n<p>\ud83d\udc9c <strong>SAHASRARA PURPLE<\/strong> \u2013 <em>20 m\u00b2 Zweibettzimmer<\/em><br>Minimalistisch und entspannend, mit <strong>zwei Einzelbetten<\/strong> und viel Platz zum Abschalten.<br><strong>Perfekt f\u00fcr<\/strong>: Freunde, Reisepartner oder Alleinreisende.<\/p>\n\n\n\n<p>\ud83d\udd34 <strong>MULADHARA RED<\/strong> \u2013 <em>Gemeinschaftszimmer mit Sparpreis<\/em><br>Bequem und sauber, mit <strong>zwei Einzelbetten<\/strong> und einem <strong>Etagen-Schlafsofa<\/strong>, dazu ein eigenes Badezimmer.<br><strong>Perfekt f\u00fcr<\/strong>: preisbewusste Reisende, Alleinreisende und Rucksacktouristen.<\/p>\n\n\n\n<hr class=\"wp-block-separator has-alpha-channel-opacity\"\/>\n\n\n\n<h3 class=\"wp-block-heading\">Schlafen Sie gut \u2013 und f\u00fchlen Sie sich wie zu Hause<\/h3>\n\n\n\n<p>Ganz gleich, welches Zimmer Sie w\u00e4hlen \u2013 Sie erhalten nicht nur ein Bett, sondern <strong>einen Ort zum Entschleunigen<\/strong>, zum tief Durchatmen und zum echten Wohlf\u00fchlen. Ob Sie wegen des Sees, der Berge oder einfach zur Erholung da sind \u2013 <strong>Hartmann Feel at Home<\/strong> bietet R\u00e4ume mit Herz, Pers\u00f6nlichkeit und Sinn.<\/p>\n\n\n\n<p><strong>Erschwinglich, bewusst gestaltet und voller W\u00e4rme \u2013 so wie ein Zuhause sein sollte.<\/strong><\/p>\n\n\n\n<hr class=\"wp-block-separator has-alpha-channel-opacity\"\/>\n\n\n\n<h2 class=\"wp-block-heading\"><strong>Ein Familienparadies bei Verbania<\/strong><\/h2>\n\n\n\n<p>Familien, die bei Hartmann Feel at Home \u00fcbernachten, sagen oft, es f\u00fchlt sich an wie der Besuch bei Verwandten auf dem Land \u2013 <strong>sicher, ruhig und liebevoll gef\u00fchrt<\/strong>. Der gro\u00dfe Garten ist ein Highlight f\u00fcr Kinder, die frei herumrennen, entdecken und spielen m\u00f6chten, w\u00e4hrend die Eltern sich mit einem Buch oder einem Glas Wein entspannen.<\/p>\n\n\n\n<p>Sie finden viele durchdachte Extras wie:<\/p>\n\n\n\n<ul class=\"wp-block-list\">\n<li>Babybetten und Hochst\u00fchle<\/li>\n\n\n\n<li>Spielzeug, B\u00fccher und Spiele f\u00fcr jedes Alter<\/li>\n\n\n\n<li>Nachtlichter und Tritthocker f\u00fcr Kleinkinder<\/li>\n\n\n\n<li>Mikrowelle und K\u00fchlschrank zum Fl\u00e4schchenw\u00e4rmen oder f\u00fcr Snacks<\/li>\n\n\n\n<li>Sitzgelegenheiten im Freien f\u00fcr Abendessen unter dem Sternenhimmel<\/li>\n<\/ul>\n\n\n\n<p>Und wenn Sie sich fragen, wohin Sie gehen oder was Sie unternehmen sollen: Die freundlichen, mehrsprachigen Gastgeber helfen Ihnen gerne bei der Planung kindgerechter Ausfl\u00fcge: <strong>Bootsfahrten, leichte Naturwanderungen, versteckte Str\u00e4nde und botanische G\u00e4rten<\/strong> warten nur wenige Kilometer entfernt.<\/p>\n\n\n\n<hr class=\"wp-block-separator has-alpha-channel-opacity\"\/>\n\n\n\n<h2 class=\"wp-block-heading\"><strong>Entdecken Sie das Beste vom Lago Maggiore von einem zentralen Ausgangspunkt aus<\/strong><\/h2>\n\n\n\n<p><strong>Entdecken Sie das Beste vom Lago Maggiore von einem zentralen Ausgangspunkt aus<\/strong><br><em>Beginnen Sie jedes Abenteuer mit Komfort und beenden Sie jeden Tag mit Ruhe.<\/em><\/p>\n\n\n\n<p>Wenn Sie im <strong>Hartmann Feel at Home<\/strong> wohnen, besuchen Sie nicht nur den Lago Maggiore \u2013 <strong>Sie erleben ihn<\/strong>. Dank seiner <strong>strategischen und zugleich idyllischen Lage<\/strong> in den H\u00fcgeln oberhalb von <strong>Stresa<\/strong> ist dieses freundliche G\u00e4stehaus der ideale Ausgangspunkt, um die ganze Region zu entdecken \u2013 von ikonischen Sehensw\u00fcrdigkeiten bis zu geheimen R\u00fcckzugsorten.<\/p>\n\n\n\n<p>Ob Sie Natur, Kultur, Geschichte oder einfach Sch\u00f6nheit suchen \u2013 alles ist ganz in Ihrer N\u00e4he. Hier nur einige der Highlights, die Sie vom Hartmann Feel at Home aus leicht erkunden k\u00f6nnen:<\/p>\n\n\n\n<ul class=\"wp-block-list\">\n<li>\ud83c\udf3f <strong>Villa Taranto<\/strong>: Direkt gegen\u00fcber vom See in <strong>Verbania<\/strong> liegt dieser weltber\u00fchmte botanische Garten \u2013 ein Muss f\u00fcr Naturfreunde und Gartenliebhaber. Schlendern Sie durch exotische Gew\u00e4chsh\u00e4user, bestaunen Sie seltene Pflanzenarten und verlieren Sie sich in einem saisonal wechselnden Farben- und Duftparadies.<\/li>\n\n\n\n<li>\ud83c\udfdd\ufe0f <strong>Die Borrom\u00e4ischen Inseln<\/strong>: Steigen Sie in <strong>Stresa<\/strong> in die F\u00e4hre und besuchen Sie das m\u00e4rchenhafte Trio aus <strong>Isola Bella<\/strong>, <strong>Isola Madre<\/strong> und <strong>Isola dei Pescatori<\/strong>. Entdecken Sie barocke Pal\u00e4ste, \u00fcppige G\u00e4rten und charmante D\u00f6rfer \u2013 alles eingebettet in das ruhige, blaue Wasser des Lago Maggiore.<\/li>\n\n\n\n<li>\ud83d\udeb6\u200d\u2640\ufe0f\ud83d\udeb2 <strong>Seeuferpromenaden<\/strong>: Ob Hand in Hand spazieren, beim Sonnenaufgang joggen oder mit den Kindern Rad fahren \u2013 die Uferwege von Stresa bis Baveno bieten einige der sch\u00f6nsten und entspanntesten Aussichten der Region. Genie\u00dfen Sie ein Gelato, machen Sie Fotos oder atmen Sie einfach tief durch.<\/li>\n\n\n\n<li>\ud83d\ude97 <strong>Charmante Tagesausfl\u00fcge<\/strong>: Von <strong>Aronas lebhaften Pl\u00e4tzen und der Statue des heiligen Carlo<\/strong> bis zu den <strong>ruhigen Str\u00e4nden von Cannero Riviera<\/strong> oder dem alpinen Charme der <strong>Schweiz<\/strong> \u2013 all diese Orte sind in weniger als einer Stunde erreichbar. Jeder Ort bietet etwas Besonderes: lokale K\u00fcche, Handwerksl\u00e4den, Panoramablicke und die unverkennbare Mischung aus italienischer Eleganz und Seeromantik.<\/li>\n\n\n\n<li>\ud83c\udff0 <strong>Geschichte und Kulturerbe<\/strong>: Reisen Sie in der Zeit zur\u00fcck zur eindrucksvollen <strong>Rocca di Angera<\/strong>, einer Seefestung mit mittelalterlichen Fresken und einem Puppenmuseum, das Gro\u00df und Klein begeistert. Oder wandern Sie hinauf zum <strong>Sacro Monte di Ghiffa<\/strong>, einer UNESCO-gelisteten Wallfahrtsst\u00e4tte mit Kapellen, Aussicht und heiliger Stille.<\/li>\n<\/ul>\n\n\n<p>Jeder Tag bringt ein neues Erlebnis \u2013 aber egal, wie weit Sie sich vom G\u00e4stehaus entfernen, es gibt immer die beruhigende Gewissheit, dass <strong>Ihr ruhiger R\u00fcckzugsort auf Sie wartet<\/strong>.<\/p>\n\n\n\n<p>Zur\u00fcck im <em>Hartmann Feel at Home<\/em> erwartet Sie die <strong>W\u00e4rme eines privaten Ortes<\/strong>, an dem Sie zur Ruhe kommen, eine einfache Mahlzeit zubereiten, ein Glas Wein auf der Terrasse genie\u00dfen und die Erlebnisse des Tages Revue passieren lassen k\u00f6nnen. Es gibt keinen Zeitdruck, keinen engen Zeitplan \u2013 nur Zeit, um sich selbst, Ihren Liebsten und der Natur wieder n\u00e4her zu kommen.<\/p>\n\n\n\n<p>Lassen Sie <em>Hartmann Feel at Home<\/em> Ihr Kompass, Ihr R\u00fcckzugsort und Ihr Ausgangspunkt sein, um das Beste des <strong>Lago Maggiore<\/strong> zu erkunden \u2013 <strong>ohne Kompromisse, ohne Stress und ohne sich wie ein Tourist zu f\u00fchlen<\/strong>.<\/p>\n\n\n\n<p>Denn hier gilt: <strong>Sie besuchen den See nicht nur \u2013 Sie leben ihn<\/strong>.<\/p>\n\n\n\n<hr class=\"wp-block-separator has-alpha-channel-opacity\"\/>\n\n\n\n<h2 class=\"wp-block-heading\"><strong>Leicht erreichbar, stressfreier Aufenthalt<\/strong><\/h2>\n\n\n\n<p><em>Ihr Urlaub beginnt in dem Moment, in dem Sie ankommen.<\/em><\/p>\n\n\n\n<p>Bei <strong>Hartmann Feel at Home<\/strong> glauben wir daran, dass Ihre Anreise \u2013 und jeder Moment danach \u2013 <strong>einfach, angenehm und v\u00f6llig stressfrei<\/strong> sein sollte. Ob Sie mit dem Auto reisen, den Zug nehmen oder beides kombinieren \u2013 Ihre Anreise an den Lago Maggiore k\u00f6nnte nicht unkomplizierter sein.<\/p>\n\n\n\n<p>Dank der <strong>zentralen Lage<\/strong> und <strong>durchdachten Ausstattung<\/strong> macht Hartmann Feel at Home das Reisen einfach \u2013 sodass Sie sich auf das konzentrieren k\u00f6nnen, was wirklich z\u00e4hlt: Entspannen, entdecken und bleibende Erinnerungen schaffen.<\/p>\n\n\n\n<p>So machen wir Ihren Aufenthalt so reibungslos wie m\u00f6glich:<\/p>\n\n\n\n<p>\ud83d\ude97 <strong>Kostenlose Parkpl\u00e4tze vor Ort<\/strong><br>Keine Parkplatzsuche, keine \u00fcberh\u00f6hten Geb\u00fchren. Bei Hartmann Feel at Home ist das Parken <strong>kostenlos, sicher und direkt vor Ihrer T\u00fcr<\/strong> \u2013 ideal, wenn Sie mit dem Auto unterwegs sind oder Tagesausfl\u00fcge planen.<\/p>\n\n\n\n<p>\ud83d\udcf6 <strong>Schnelles, zuverl\u00e4ssiges WLAN<\/strong><br>Ob Sie Fotos teilen, F\u00e4hrpl\u00e4ne checken, remote arbeiten oder die Kinder unterhalten \u2013 unser Highspeed-Internet sorgt daf\u00fcr, dass Sie verbunden bleiben, wenn Sie es m\u00f6chten \u2013 und abschalten k\u00f6nnen, wenn Sie es nicht wollen.<\/p>\n\n\n\n<p>\ud83d\ude89 <strong>Nahe an gro\u00dfen Bahnh\u00f6fen<\/strong><br>Kommen Sie mit dem Zug? Perfekt. Wir sind nur wenige Minuten von den Hauptbahnh\u00f6fen in <strong>Stresa<\/strong>, <strong>Baveno<\/strong> und <strong>Verbania-Pallanza<\/strong> entfernt \u2013 mit einfachen Taxi- oder Busverbindungen zum G\u00e4stehaus. Von hier aus k\u00f6nnen Sie die gesamte Region entdecken \u2013 <strong>auch ohne Auto<\/strong>.<\/p>\n\n\n\n<p>\ud83c\udf0d <strong>Direkte Verbindungen nach Mailand, Domodossola und in die Schweizer Alpen<\/strong><br>Dank der nahegelegenen Bahnlinien und Autobahnen sind Sie ideal angebunden f\u00fcr <strong>Tagesausfl\u00fcge oder Weiterreisen<\/strong>. Verbringen Sie den Tag mit Shopping in Mailand, beim Wandern in den Alpen oder beim Entdecken des Bergst\u00e4dtchens Domodossola \u2013 und kehren Sie am Abend in Ihr friedliches Refugium zur\u00fcck.<\/p>\n\n\n\n<p>\ud83d\udc68\u200d\ud83d\udc69\u200d\ud83d\udc67\u200d\ud83d\udc66 <strong>Familienrabatte und Sonderpreise f\u00fcr l\u00e4ngere Aufenthalte<\/strong><br>Wir wissen, dass Reisen \u2013 besonders mit Familie oder bei Langzeitaufenthalten \u2013 ins Geld gehen kann. Deshalb bieten wir <strong>Erm\u00e4\u00dfigungen f\u00fcr Kinder<\/strong>, <strong>Spezialpreise f\u00fcr l\u00e4ngere Aufenthalte<\/strong> und flexible Optionen, die zu Ihrem Budget passen \u2013 ohne auf Komfort oder Qualit\u00e4t zu verzichten.<\/p>\n\n\n\n<p>\u2728 <strong>Kein Stau, keine \u00fcberteuerten Hotels, kein Stress<\/strong><br>Vergessen Sie die M\u00fche \u00fcberf\u00fcllter Innenst\u00e4dte oder die \u00fcberh\u00f6hten Preise kleiner Hotelzimmer. Hier finden Sie die <strong>perfekte Balance zwischen Bequemlichkeit, Privatsph\u00e4re und Preis-Leistungs-Verh\u00e4ltnis<\/strong> \u2013 umgeben von Natur, aber nah an allem.<\/p>\n\n\n\n<p>Ob Sie einen Wochenendurlaub planen oder auf Slow Travel setzen \u2013 Hartmann Feel at Home gibt Ihnen die Freiheit, <strong>auf Ihre Weise anzureisen und so lange zu bleiben, wie Sie m\u00f6chten<\/strong> \u2013 <strong>in einem Ort, der darauf ausgelegt ist, Ihnen das Leben zu erleichtern<\/strong>.<\/p>\n\n\n\n<p>Ihr Lago-Maggiore-Abenteuer beginnt hier \u2013 mit <strong>Komfort, Ruhe und einem sicheren Gef\u00fchl<\/strong>.<\/p>\n\n\n\n<hr class=\"wp-block-separator has-alpha-channel-opacity\"\/>\n\n\n\n<h2 class=\"wp-block-heading\"><strong>Warum Hartmann Feel at Home besser ist als ein typisches Hotel in Verbania<\/strong><\/h2>\n\n\n\n<p><em>Mehr als nur ein Aufenthalt \u2013 ein Erlebnis, das f\u00fcr Familien, Komfortsuchende und echte Reisende geschaffen wurde.<\/em><\/p>\n\n\n\n<p>Bei der Urlaubsplanung am <strong>Lago Maggiore<\/strong> ist es einfach, ein Hotel in Verbania zu buchen \u2013 und das Beste zu hoffen. Aber wenn Sie wirklich Raum zum Durchatmen, Platz zum Spielen f\u00fcr die Kinder und Gastfreundschaft suchen, bei der Sie sich wie ein willkommener Gast f\u00fchlen \u2013 und nicht wie eine Nummer \u2013, gibt es eine bessere Wahl: <strong>Hartmann Feel at Home<\/strong>.<\/p>\n\n\n\n<p>Deshalb entscheiden sich so viele Reisende f\u00fcr unser familienfreundliches G\u00e4stehaus statt f\u00fcr ein klassisches Hotel:<\/p>\n\n\n<p>\u2714\ufe0f <strong>Ruhige, ger\u00e4umige Zimmer zum Entspannen<\/strong><br>Vergessen Sie enge Hotelzimmer und laute Flure. Bei Hartmann Feel at Home genie\u00dfen Sie <strong>gro\u00dfz\u00fcgig geschnittene Apartments und Suiten<\/strong>, liebevoll ausgestattet und perfekt f\u00fcr Familien. Hier gibt es genug Platz zum Ausbreiten, Ausruhen und Abschalten nach einem erlebnisreichen Tag.<\/p>\n\n\n\n<p>\u2714\ufe0f <strong>Kinderfreundliche Bereiche mit viel Platz zum Spielen<\/strong><br>Lassen Sie die Kinder einfach Kinder sein. Mit <strong>sicheren Au\u00dfenbereichen<\/strong>, viel Gr\u00fcnfl\u00e4che und gem\u00fctlichen Ecken zum Entdecken haben Ihre Kleinen die Freiheit, sich zu bewegen, zu lachen und zu spielen \u2013 ohne dass Sie sich Gedanken \u00fcber andere G\u00e4ste machen m\u00fcssen.<\/p>\n\n\n\n<p>\u2714\ufe0f <strong>Gesundes, reichhaltiges Fr\u00fchst\u00fcck inklusive<\/strong><br>Beginnen Sie jeden Tag mit einem liebevoll zubereiteten <strong>Fr\u00fchst\u00fcck f\u00fcr alle Altersgruppen<\/strong>: frisches Obst, warmes Brot, lokale K\u00e4sesorten, hausgemachte Marmeladen \u2013 und nat\u00fcrlich auch kinderfreundliche Optionen. Es ist mehr als eine Mahlzeit \u2013 es ist ein Moment der Verbindung.<\/p>\n\n\n\n<p>\u2714\ufe0f <strong>Durchdachte Ausstattung f\u00fcr Babys und Kleinkinder<\/strong><br>Unterwegs mit kleinen Kindern? Kein Problem. Wir stellen Ihnen <strong>Babybetten, Hochst\u00fchle, Flaschenw\u00e4rmer, Wickelunterlagen<\/strong> und mehr zur Verf\u00fcgung \u2013 damit Sie mit weniger Gep\u00e4ck reisen und entspannter ankommen k\u00f6nnen. Alles ist sauber, sicher und bei Ihrer Ankunft bereit.<\/p>\n\n\n\n<p>\u2714\ufe0f <strong>Herzliche, mehrsprachige Gastgeber mit echter F\u00fcrsorge<\/strong><br>Unsere G\u00e4ste werden <strong>nicht von Rezeptionisten, sondern von echten Menschen<\/strong> begr\u00fc\u00dft \u2013 einer Familie, die hier lebt, diese Region liebt und sich wirklich um Ihr Wohl k\u00fcmmert. Sie brauchen einen Ausflugstipp, ein gutes Restaurant oder Hilfe bei einem kleinen Kinderdrama? Wir sind f\u00fcr Sie da \u2013 auf Italienisch, Englisch, Deutsch und Franz\u00f6sisch.<\/p>\n\n\n\n<p>\u2714\ufe0f <strong>Kostenloses Parken, schnelles WLAN und Insider-Tipps<\/strong><br>Keine versteckten Geb\u00fchren. Kein Parkplatzsuchen in \u00fcberf\u00fcllten Gassen. Wir bieten <strong>kostenlose Privatparkpl\u00e4tze<\/strong>, <strong>stabiles WLAN<\/strong> und <strong>pers\u00f6nliche Empfehlungen<\/strong> f\u00fcr Ihre Ausfl\u00fcge, Wanderungen, Restaurants und familienfreundlichen Aktivit\u00e4ten rund um den See.<\/p>\n\n\n\n<p>\u2714\ufe0f <strong>Familienrabatte und flexible Unterkunftsoptionen<\/strong><br>Ob Sie drei N\u00e4chte bleiben oder drei Wochen \u2013 wir bieten <strong>faire Preise, Rabatte f\u00fcr Kinder<\/strong> und <strong>individuelle L\u00f6sungen<\/strong> f\u00fcr Gruppen oder gr\u00f6\u00dfere Familien. Komfort ohne Kompromisse \u2013 und ohne Touristenaufschlag.<\/p>\n\n\n\n<p><strong>Ob Sie im Sommer<\/strong> kommen \u2013 f\u00fcr Strandtage, Bootstouren und lebhafte M\u00e4rkte im Freien \u2013 <strong>oder im Winter<\/strong> \u2013 f\u00fcr frische Bergluft, gem\u00fctliche Caf\u00e9s und glitzernde Weihnachtslichter \u2013 <strong>Hartmann Feel at Home<\/strong> ist ein Ort voller Ruhe und Herzlichkeit.<\/p>\n\n\n\n<p>Hier ist jedes Detail auf Familien zugeschnitten \u2013 damit Sie sich auf das konzentrieren k\u00f6nnen, was z\u00e4hlt: <strong>Erinnerungen schaffen, statt sich um die Organisation zu k\u00fcmmern<\/strong>.<br>Vergessen Sie den Hotelalltag. Entscheiden Sie sich f\u00fcr einen Ort, <strong>an dem Sie sich vom ersten Moment an zu Hause f\u00fchlen<\/strong>.<\/p>\n\n\n\n<hr class=\"wp-block-separator has-alpha-channel-opacity\"\/>\n\n\n\n<h3 class=\"wp-block-heading\">\ud83d\udc49 <strong>Buchen Sie jetzt Ihren Aufenthalt und entdecken Sie die stille Seite des Lago Maggiore \u2013 wo Natur, Erholung und Familie an erster Stelle stehen.<\/strong><\/h3>\n\n","protected":false},"excerpt":{"rendered":"<p>Entdecken Sie Hartmann Feel at Home \u2013 Eine ruhige Oase zwischen Stresa und Verbania Wenn Sie von einem Familienurlaub im Gr\u00fcnen tr\u00e4umen, mit frischer Luft und atemberaubendem Seeblick \u2013 nicht nur ein Ort zum Schlafen, sondern ein Ort zum Wohlf\u00fchlen \u2013 dann ist Hartmann Feel at Home genau das, was Sie suchen. Stellen Sie sich [&hellip;]<\/p>\n","protected":false},"author":5,"featured_media":0,"parent":0,"menu_order":0,"comment_status":"closed","ping_status":"closed","template":"","meta":{"_et_pb_use_builder":"off","_et_pb_old_content":"","_et_gb_content_width":"","footnotes":""},"difl_page_category":[],"class_list":["post-4445","page","type-page","status-publish","hentry"],"_links":{"self":[{"href":"https:\/\/homehartmann.com\/de\/wp-json\/wp\/v2\/pages\/4445","targetHints":{"allow":["GET"]}}],"collection":[{"href":"https:\/\/homehartmann.com\/de\/wp-json\/wp\/v2\/pages"}],"about":[{"href":"https:\/\/homehartmann.com\/de\/wp-json\/wp\/v2\/types\/page"}],"author":[{"embeddable":true,"href":"https:\/\/homehartmann.com\/de\/wp-json\/wp\/v2\/users\/5"}],"replies":[{"embeddable":true,"href":"https:\/\/homehartmann.com\/de\/wp-json\/wp\/v2\/comments?post=4445"}],"version-history":[{"count":1,"href":"https:\/\/homehartmann.com\/de\/wp-json\/wp\/v2\/pages\/4445\/revisions"}],"predecessor-version":[{"id":4446,"href":"https:\/\/homehartmann.com\/de\/wp-json\/wp\/v2\/pages\/4445\/revisions\/4446"}],"wp:attachment":[{"href":"https:\/\/homehartmann.com\/de\/wp-json\/wp\/v2\/media?parent=4445"}],"wp:term":[{"taxonomy":"difl_page_category","embeddable":true,"href":"https:\/\/homehartmann.com\/de\/wp-json\/wp\/v2\/difl_page_category?post=4445"}],"curies":[{"name":"wp","href":"https:\/\/api.w.org\/{rel}","templated":true}]}}