{"id":4356,"date":"2025-07-01T17:53:54","date_gmt":"2025-07-01T15:53:54","guid":{"rendered":"https:\/\/homehartmann.com\/?page_id=4356"},"modified":"2025-07-01T17:53:57","modified_gmt":"2025-07-01T15:53:57","slug":"isola-madre-reisefuehrer-fuer-erstbesucher","status":"publish","type":"page","link":"https:\/\/homehartmann.com\/de\/isola-madre-reisefuehrer-fuer-erstbesucher\/","title":{"rendered":"Isola Madre \u2013 Reisef\u00fchrer f\u00fcr Erstbesucher"},"content":{"rendered":"\n<p>Eingebettet in die Gew\u00e4sser des Lago Maggiore ist die <strong>Isola Madre<\/strong> eine smaragdgr\u00fcne Oase, die wie einem M\u00e4rchen entsprungen scheint. Sie ist die <em>gr\u00f6\u00dfte und vielleicht bezauberndste der Borrom\u00e4ischen Inseln<\/em>. Stellen Sie sich eine ruhige Insel mit \u00fcppigen G\u00e4rten und historischem Charme vor: Blumenbeete im viktorianischen Stil, frei laufende Pfauen und eine jahrhundertealte Villa der Familie Borromeo. Fr\u00fche Reisende wie Gustave Flaubert bezeichneten sie sogar als <em>\u201eden sinnlichsten Ort der Welt\u201c<\/em>. Kurz gesagt: Die Isola Madre verzaubert jeden \u2013 ob Paare auf der Suche nach Ruhe, Familien voller Entdeckungsdrang oder Geschichtsinteressierte. Sobald Sie vom Boot auf den schattigen Steg treten und die Gartenwege betreten, sp\u00fcren Sie die friedliche, m\u00e4rchenhafte Atmosph\u00e4re der Insel.<\/p>\n\n\n\n<h2 class=\"wp-block-heading\">Anreise<\/h2>\n\n\n\n<p>Die Isola Madre ist <strong>nur mit dem Boot<\/strong> erreichbar. F\u00fcr die meisten Besucher beginnt die Reise in Stresa. Vom Seeufer in Stresa (Piazzale Marconi oder Lido bei der Seilbahn) fahren private Motorboote und \u00f6ffentliche F\u00e4hren mehrmals t\u00e4glich zu den Borrom\u00e4ischen Inseln. Die ersten Abfahrten erfolgen gegen 9:00\u20139:30 Uhr, die letzten R\u00fcckfahrten gegen 17:30\u201318:00 Uhr. Wir empfehlen den ganzt\u00e4gigen \u201eHop-on-Hop-off\u201c-F\u00e4hrpass (~<strong>15\u202f\u20ac<\/strong> pro Erwachsenem) \u2013 er erlaubt unbegrenzte Fahrten zwischen allen Borrom\u00e4ischen Inseln. (Beachten Sie jedoch die kleine Landegeb\u00fchr von 0,50\u202f\u20ac in bar pro Ausstieg.) Im Sommer verkehren die Boote etwa alle 30 Minuten, sodass Sie selten lange warten m\u00fcssen. Wenn Sie es richtig timen, k\u00f6nnen Sie am Vormittag fahren, 2\u20133 Stunden auf der Isola Madre verbringen und vor der letzten F\u00e4hre zur\u00fcckkehren.<\/p>\n\n\n\n<p>Falls Sie mit \u00f6ffentlichen Verkehrsmitteln anreisen: Der Bahnhof Stresa (Linie Mailand\u2013Domodossola) ist etwa 1 Stunde von Mailand entfernt. Vom Bahnhof aus sind es etwa 1\u202fkm zu Fu\u00df bergab zum Bootsanleger (oder eine kurze Taxifahrt). Auch mit dem Auto ist die Anreise \u00fcblich: Nehmen Sie die Autobahnen A8\/A26 Richtung Gravellona Toce und die Ausfahrt Carpugnino (f\u00fcr Stresa). Es gibt Parkpl\u00e4tze in der N\u00e4he der Anlegestellen (z.\u202fB. Piazzale Funivia und Stresa Lido), aber diese sind an sonnigen Wochenenden schnell belegt. In Stresa folgen Sie einfach den Schildern zum Seeufer und stellen sich in die Schlange f\u00fcr die Inselboote.<\/p>\n\n\n\n<blockquote class=\"wp-block-quote is-layout-flow wp-block-quote-is-layout-flow\">\n<p><strong>Tipp:<\/strong> Boote fahren auch von Baveno (10\u202fMinuten von Isola Madre) und Verbania-Pallanza (5\u201310\u202fMinuten \u00dcberfahrt) ab. Beide nutzen dasselbe Inselpass-System. F\u00fcr den ersten Besuch ist es jedoch am einfachsten, ab Stresa zu starten.<\/p>\n<\/blockquote>\n\n\n\n<h2 class=\"wp-block-heading\">Hauptattraktionen<\/h2>\n\n\n\n<h3 class=\"wp-block-heading\">Botanische G\u00e4rten<\/h3>\n\n\n\n<p>Das Herzst\u00fcck der Isola Madre ist der <strong>exotische botanische Garten<\/strong>, eine atemberaubende Landschaft im englischen Stil des 19. Jahrhunderts \u2013 ein Mini-Eden. Durch das milde Seeklima gedeihen hier Palmen, Kamelien, Azaleen, Rhododendren und sogar tropischer Bambus. Halten Sie Ausschau nach der ber\u00fchmten <strong>200 Jahre alten Himalaya-Zypresse<\/strong> \u2013 sie gilt als die gr\u00f6\u00dfte Europas \u2013 die eine Terrasse beschattet. Kieswege f\u00fchren vorbei an Glyzinien-Pergolen, Hortensien- und Lilienbeeten sowie pl\u00e4tschernden Brunnen. Von den oberen Terrassen genie\u00dft man herrliche Ausblicke auf den See und die Alpen.<\/p>\n\n\n\n<p>Ein besonders reizvoller Anblick sind die <strong>frei laufenden wei\u00dfen Pfauen<\/strong>, die inoffiziellen Maskottchen der Insel. Oft h\u00f6rt man ihre Rufe oder sieht ein irisierendes Schwanzgefieder durch die Blumenbeete huschen. Kinder (und Fotografen) erfreuen sich daran, wenn ein Pfau sein Rad schl\u00e4gt. Weitere Tiere sind Goldfasane und flauschige wei\u00dfe H\u00fchner im Unterholz. Im Fr\u00fchling, wenn Kamelien und Azaleen in voller Bl\u00fcte stehen, wird die Insel laut offiziellen F\u00fchrern zu einer <em>\u201efriedlichen Oase der Natur\u201c<\/em> mit <em>\u201eseltenen und exotischen Arten\u201c<\/em>. (Auch im Sommer oder Fr\u00fchherbst bleibt der Garten \u00fcppig und sch\u00f6n.) Nehmen Sie sich Zeit \u2013 die gepflegten Wege f\u00fchren sanft bergauf, daher sind gute Schuhe wichtig. Entlang des Ufers stehen B\u00e4nke bereit; Trinkwasserbrunnen sind vorhanden. Bitte respektieren Sie dieses private botanische Museum: keine Blumen pfl\u00fccken, keine Tiere f\u00fcttern und M\u00fcll wieder mitnehmen.<\/p>\n\n\n\n<h3 class=\"wp-block-heading\">Palazzo Borromeo (Die Villa)<\/h3>\n\n\n\n<p>Nach dem Spaziergang durch den Garten betreten Sie den <strong>Palazzo Borromeo<\/strong>, das Herrenhaus aus dem 16. Jahrhundert. Im Gegensatz zur prunkvollen Schwester auf Isola Bella ist der Palast au\u00dfen schlicht gelb gestrichen und liegt ruhig zwischen den B\u00e4umen. Innen entfaltet sich ein intimer, altmodischer Charme. Sommerm\u00f6bel der Familie Borromeo f\u00fcllen die R\u00e4ume: antike Sofas, vergoldete St\u00fchle, \u00d6lgem\u00e4lde, Porzellanvasen und lackierte Schr\u00e4nke vermitteln aristokratischen Lebensstil vergangener Jahrhunderte. Ein Highlight ist das <strong>Marionettentheater<\/strong>, eine der bedeutendsten privaten Sammlungen von Puppen und B\u00fchnenbildern aus dem 17.\u201319. Jahrhundert. Stellen Sie sich kleine Theaterst\u00fccke vor, die einst f\u00fcr die Borromeo-Kinder aufgef\u00fchrt wurden \u2013 mit detailreichen Kulissen und mechanischen \u201eWolken\u201c-Effekten. Weitere R\u00e4ume sind das Puppenzimmer, die kunstvoll verzierte <em>Sala delle Stagioni<\/em> (\u201eSaal der Jahreszeiten\u201c) und der elegante <em>Salotto Veneziano<\/em> (\u201eVenezianischer Salon\u201c) mit bemalten Pflanzenpfeilern und einem <strong>Murano-Glasl\u00fcster<\/strong> unter einer illusionistischen Decke mit Blumenranken.<\/p>\n\n\n\n<p>Beachten Sie, dass der Palast mehrere Etagen umfasst \u2013 Treppensteigen ist erforderlich (kein Aufzug). Vom oberen Flur aus hat man einen sch\u00f6nen Blick auf die G\u00e4rten. Bei warmem Wetter ist es drinnen angenehm k\u00fchl \u2013 eine willkommene Pause. Planen Sie insgesamt etwa <strong>1,5 bis 2 Stunden<\/strong> f\u00fcr die Besichtigung von Palast und Garten ein. Am Ende gelangen Sie durch den Souvenirshop, wo Sie B\u00fccher, Postkarten oder lokale Spezialit\u00e4ten kaufen k\u00f6nnen.<\/p>\n\n\n\n<h2 class=\"wp-block-heading\">Besuchertipps<\/h2>\n\n\n\n<ul class=\"wp-block-list\">\n<li><strong>Jahreszeit &amp; Zeitpunkt:<\/strong> Fr\u00fchling (April\u2013Mai) ist die <em>beste<\/em> Reisezeit. Die G\u00e4rten bl\u00fchen mit Kamelien, Azaleen und Glyzinien, das Wetter ist mild und es ist weniger los. Auch der fr\u00fche Herbst (September) ist wunderbar \u2013 warm, ruhig und mit ersten Herbstfarben. Im Hochsommer (Juli\u2013August) ist es sonnig, aber voll; rechnen Sie mit Wartezeiten. Kommen Sie am besten mit einem fr\u00fchen Boot (ca. 9:30 Uhr), um dem Andrang zuvorzukommen. Meiden Sie Feiertagswochenenden wie Ostern, den 1. Mai oder Ferragosto.<\/li>\n\n\n\n<li><strong>\u00d6ffnungszeiten:<\/strong> Isola Madre ist von Mitte M\u00e4rz bis Anfang November ge\u00f6ffnet. Die t\u00e4glichen \u00d6ffnungszeiten sind <strong>10:00\u201317:00 Uhr<\/strong> (die G\u00e4rten schlie\u00dfen gegen 18:00 Uhr). Der letzte Einlass ist etwa eine Stunde vor Schlie\u00dfung. Planen Sie mindestens <strong>2\u20133 Stunden<\/strong> f\u00fcr den Besuch ein \u2013 mehr, wenn Sie gem\u00fctlich Mittag essen m\u00f6chten.<\/li>\n\n\n\n<li><strong>Tickets &amp; F\u00e4hren:<\/strong> Es ist ratsam, Tickets f\u00fcr die Borrom\u00e4ischen Inseln im Voraus online (tereborromeo.it) zu kaufen, um Warteschlangen zu vermeiden. Ein Ticket f\u00fcr Erwachsene f\u00fcr Isola Madre kostet ca. <strong>20\u202f\u20ac<\/strong> und beinhaltet Garten und Villa. Kinder unter 6 Jahren haben freien Eintritt. F\u00fcr den Besuch mehrerer Inseln gibt es Kombitickets (z.\u202fB. Bella+Madre). F\u00e4hrkarten (~15\u202f\u20ac Tagespass) sind vor Ort oder an Bord erh\u00e4ltlich \u2013 keine Reservierung n\u00f6tig.<\/li>\n\n\n\n<li><strong>Was mitbringen:<\/strong> Bequeme Schuhe sind wichtig \u2013 die Wege bestehen aus Kies oder Steinplatten, einige haben Stufen. Kleiden Sie sich im Zwiebellook und nehmen Sie Sonnenschutz (Hut, Sonnenbrille, Sonnencreme) sowie viel Wasser mit. Im Garten gibt es Trinkbrunnen \u2013 eine wiederverwendbare Flasche ist ideal. Bei leichtem Regen ist ein kleiner Regenschirm oder eine Regenjacke praktisch (gro\u00dfe Schirme d\u00fcrfen nicht in den Palast). Eine Kamera ist ein Muss \u2013 die Insel ist <em>extrem<\/em> fotogen. (Fotos sind \u00fcberall erlaubt, nur kein Blitz oder Stativ im Palast.)<\/li>\n\n\n\n<li><strong>Familien &amp; Barrierefreiheit:<\/strong> Isola Madre ist sehr <strong>kinderfreundlich<\/strong>. Kinder lieben es, Pfauen und Fasane zu entdecken, und k\u00f6nnen sicher auf den Wegen laufen. Kinderwagen sind im Garten erlaubt, m\u00fcssen jedoch am Palasteingang stehen bleiben (Trage oder Tragetuch empfohlen). Toiletten mit Wickeltisch sind neben dem Caf\u00e9 vorhanden. Kinder unter 6 fahren kostenlos mit und haben freien Eintritt \u2013 ein Vorteil f\u00fcr Familien. Achten Sie bei kleinen Kindern auf das Wasser und bitten Sie sie, nichts anzufassen. F\u00fcr G\u00e4ste mit eingeschr\u00e4nkter Mobilit\u00e4t: die terrassierte Insel und die historische Villa <em>sind herausfordernd<\/em>. Rollst\u00fchle erreichen nur Teile des Gartens, nicht aber die oberen Terrassen oder den Palast. Eine Begleitperson kann bei Bedarf mit dem Kind oder Gast im Erdgeschoss bleiben. (Das Caf\u00e9 La Serra ist barrierefrei und bietet einen guten Ruheplatz.)<\/li>\n\n\n\n<li><strong>Verhalten &amp; Hinweise:<\/strong> Isola Madre ist ein privates Museum. Bitte <strong>keine Blumen pfl\u00fccken oder Tiere f\u00fcttern<\/strong>. Picknicken auf den Wiesen ist nicht erlaubt, aber kleine Snacks auf den B\u00e4nken sind okay. M\u00fcll bitte in die vorgesehenen Beh\u00e4lter \u2013 oder mitnehmen. Pr\u00fcfen Sie am Besuchstag das Wetter. Der Palast bietet Schutz bei kurzen Schauern, aber die G\u00e4rten sind bei sch\u00f6nem Wetter am besten zu genie\u00dfen.<\/li>\n<\/ul>\n\n\n\n<h2 class=\"wp-block-heading\">Insel- und Umgebungsangebote<\/h2>\n\n\n\n<ul class=\"wp-block-list\">\n<li><strong>Auf Isola Madre:<\/strong> Es gibt nur wenige gastronomische Angebote auf der Insel. Das Highlight ist das <strong>La Piratera<\/strong>, das einzige Restaurant mit Bedienung, in einem alten Wasserturm (\u201eTorrione della Noria\u201c). Es serviert traditionelle italienische und lokale Gerichte (Fisch vom See ist die Spezialit\u00e4t) von ca. 11:30 bis 15:00 Uhr. Das Mittagessen auf der blumenges\u00e4umten Seeterrasse ist einzigartig \u2013 bitte vorab reservieren. F\u00fcr einen Snack oder ein Getr\u00e4nk eignet sich das <strong>Caf\u00e9 La Serra<\/strong>. Es \u00f6ffnet am sp\u00e4ten Vormittag und bietet Kaffee, Eis, Panini und Getr\u00e4nke in einem gem\u00fctlichen Blumenambiente. Unter Sonnenschirmen kann man Espresso oder Aperitif genie\u00dfen. (Sanit\u00e4re Anlagen sind in der N\u00e4he.)<\/li>\n\n\n\n<li><strong>In der N\u00e4he (Stresa &amp; Inseln):<\/strong> Viele Besucher kombinieren Isola Madre mit einem Mittagessen anderswo. Nur 5 Minuten mit dem Boot entfernt liegt die <strong>Isola dei Pescatori<\/strong> (\u201eFischerinsel\u201c), ein charmantes Dorf mit Trattorien, die frischen Fisch und rustikale Gerichte servieren. Ein toller Ort zum Entspannen nach dem Gartenrundgang. Zur\u00fcck auf dem Festland gibt es in Stresa und den umliegenden Orten viele M\u00f6glichkeiten. Das Seeufer nahe der Seilbahn (Piazzale Funivia) und die Altstadt bieten zahlreiche Bars und Restaurants. Kurz gesagt: <strong>\u201ein Stresa, Baveno und Verbania gibt es viele Lokale mit Seeblick\u201c<\/strong> \u2013 ideal f\u00fcr Eis, Pizza oder ein Abendessen bei Sonnenuntergang.<\/li>\n<\/ul>\n\n\n\n<p>Genie\u00dfen Sie Ihren Besuch auf der Isola Madre \u2013 mit ihrer stillen Sch\u00f6nheit und den zeitlosen G\u00e4rten wird sie sicherlich ein H\u00f6hepunkt Ihrer Reise zum Lago Maggiore sein!<\/p>\n\n\n\n<p class=\"has-large-font-size\"><strong>Warum unsere Pension nahe Isola Madre w\u00e4hlen?<\/strong><\/p>\n\n\n\n<p>Wenn Sie einen Besuch auf der <strong>Isola Madre<\/strong> und den anderen Borrom\u00e4ischen Inseln planen, bietet Ihnen die <strong>Villa Hartmann Feel at Home<\/strong> die perfekte Unterkunft, nur wenige Fahrminuten von <strong>Stresa<\/strong> entfernt, wo regelm\u00e4\u00dfig F\u00e4hren nach <strong>Isola Madre<\/strong>, <strong>Isola Bella<\/strong> und <strong>Isola dei Pescatori<\/strong> ablegen.<\/p>\n\n\n\n<p>Eingebettet in die H\u00fcgel zwischen dem <strong>Lago Maggiore<\/strong> und dem <strong>Lago d\u2019Orta<\/strong> vereint unsere historische Villa die Eleganz eines Wohnhauses der 1930er-Jahre mit der Herzlichkeit einer familiengef\u00fchrten Pension. 2022 vollst\u00e4ndig renoviert, bietet das Haus modernen Komfort bei gleichzeitiger Bewahrung seines urspr\u00fcnglichen Charmes \u2013 ein ruhiges, gr\u00fcnes Refugium.<\/p>\n\n\n\n<p>Es stehen Ihnen verschiedene <strong>Zimmerkategorien<\/strong> zur Auswahl:<\/p>\n\n\n\n<ul class=\"wp-block-list\">\n<li>Ger\u00e4umige <strong>Familiensuiten<\/strong> mit getrennten Schlafbereichen<\/li>\n\n\n\n<li>Komfortable <strong>Dreibett- und Vierbettzimmer<\/strong> f\u00fcr Gruppen oder Familien<\/li>\n\n\n\n<li>Gem\u00fctliche <strong>Doppelzimmer<\/strong> mit franz\u00f6sischem Bett oder zwei Einzelbetten<\/li>\n\n\n\n<li>Eine <strong>geteilte Schlafsaaloption<\/strong> f\u00fcr Alleinreisende oder preisbewusste G\u00e4ste<\/li>\n<\/ul>\n\n\n\n<p>Jedes Zimmer ist einer Chakra-Farbe gewidmet und sorgt f\u00fcr eine beruhigende Atmosph\u00e4re. Sie verf\u00fcgen \u00fcber <strong>Panoramafenster<\/strong>, <strong>hochwertige Bettw\u00e4sche<\/strong> und <strong>moderne B\u00e4der<\/strong> \u2013 einige sogar mit Doppelwaschbecken f\u00fcr mehr Komfort.<\/p>\n\n\n\n<p>Zur Villa geh\u00f6ren auch elegante Gemeinschaftsbereiche wie ein <strong>Yoga- und Meditationsraum<\/strong>, eine lichtdurchflutete <strong>Fr\u00fchst\u00fccksveranda<\/strong> sowie ein <strong>Salon mit zentralem Kamin<\/strong> \u2013 perfekt zum Entspannen nach einem Tag auf den Inseln.<\/p>\n\n\n<div style=\"position: relative; padding-bottom: 56.25%; height: 0; overflow: hidden;\">\n  <iframe src=\"https:\/\/www.youtube.com\/embed\/dl_nRIjruW0?si=L7Nx5mg7q5yM7KMY\" title=\"YouTube video player\" frameborder=\"0\" allowfullscreen style=\"position: absolute; top: 0; left: 0; width: 100%; height: 100%;\"><\/iframe>\n<\/div>\n\n\n<p>Unser Standort ist ideal, nicht nur f\u00fcr Besuche der <strong>Isola Madre<\/strong>, sondern auch zur Erkundung von <strong>Stresa<\/strong>, dem <strong>Monte Mottarone<\/strong>, umliegenden Seen und Naturpfaden. Ob Wandern, Golfen oder einfach nur die Aussicht genie\u00dfen \u2013 Sie werden die Sch\u00f6nheit der Region sp\u00fcren.<\/p>\n\n\n\n<p><strong>Buchen Sie noch heute<\/strong> und genie\u00dfen Sie das Erlebnis, in einer historischen Villa mitten im Gr\u00fcnen zu \u00fcbernachten \u2013 eine ruhige Pension, in der jedes Detail daf\u00fcr gemacht ist, dass Sie sich wirklich wie zu Hause f\u00fchlen.<\/p>\n","protected":false},"excerpt":{"rendered":"<p>Eingebettet in die Gew\u00e4sser des Lago Maggiore ist die Isola Madre eine smaragdgr\u00fcne Oase, die wie einem M\u00e4rchen entsprungen scheint. Sie ist die gr\u00f6\u00dfte und vielleicht bezauberndste der Borrom\u00e4ischen Inseln. Stellen Sie sich eine ruhige Insel mit \u00fcppigen G\u00e4rten und historischem Charme vor: Blumenbeete im viktorianischen Stil, frei laufende Pfauen und eine jahrhundertealte Villa der [&hellip;]<\/p>\n","protected":false},"author":5,"featured_media":0,"parent":0,"menu_order":0,"comment_status":"closed","ping_status":"closed","template":"","meta":{"_et_pb_use_builder":"off","_et_pb_old_content":"","_et_gb_content_width":"","footnotes":""},"difl_page_category":[],"class_list":["post-4356","page","type-page","status-publish","hentry"],"_links":{"self":[{"href":"https:\/\/homehartmann.com\/de\/wp-json\/wp\/v2\/pages\/4356","targetHints":{"allow":["GET"]}}],"collection":[{"href":"https:\/\/homehartmann.com\/de\/wp-json\/wp\/v2\/pages"}],"about":[{"href":"https:\/\/homehartmann.com\/de\/wp-json\/wp\/v2\/types\/page"}],"author":[{"embeddable":true,"href":"https:\/\/homehartmann.com\/de\/wp-json\/wp\/v2\/users\/5"}],"replies":[{"embeddable":true,"href":"https:\/\/homehartmann.com\/de\/wp-json\/wp\/v2\/comments?post=4356"}],"version-history":[{"count":1,"href":"https:\/\/homehartmann.com\/de\/wp-json\/wp\/v2\/pages\/4356\/revisions"}],"predecessor-version":[{"id":4357,"href":"https:\/\/homehartmann.com\/de\/wp-json\/wp\/v2\/pages\/4356\/revisions\/4357"}],"wp:attachment":[{"href":"https:\/\/homehartmann.com\/de\/wp-json\/wp\/v2\/media?parent=4356"}],"wp:term":[{"taxonomy":"difl_page_category","embeddable":true,"href":"https:\/\/homehartmann.com\/de\/wp-json\/wp\/v2\/difl_page_category?post=4356"}],"curies":[{"name":"wp","href":"https:\/\/api.w.org\/{rel}","templated":true}]}}