{"id":1434,"date":"2023-07-07T09:04:31","date_gmt":"2023-07-07T07:04:31","guid":{"rendered":"https:\/\/homehartmann.com\/anahata-green-dreibettzimmer\/"},"modified":"2023-07-10T13:49:05","modified_gmt":"2023-07-10T11:49:05","slug":"anahata-green-dreibettzimmer","status":"publish","type":"page","link":"https:\/\/homehartmann.com\/de\/anahata-green-dreibettzimmer\/","title":{"rendered":"Anahata Verde &#8211; Dreibettzimmer"},"content":{"rendered":"<p>[et_pb_section fb_built=&#8220;1&#8243; admin_label=&#8220;Header&#8220; _builder_version=&#8220;4.21.0&#8243; use_background_color_gradient=&#8220;on&#8220; background_color_gradient_type=&#8220;circular&#8220; background_color_gradient_direction_radial=&#8220;top left&#8220; background_color_gradient_stops=&#8220;rgba(255,255,255,0.89) 30%|rgba(255,255,255,0) 80%&#8220; background_color_gradient_overlays_image=&#8220;on&#8220; background_color_gradient_start=&#8220;rgba(255,255,255,0.89)&#8220; background_color_gradient_start_position=&#8220;30%&#8220; background_color_gradient_end=&#8220;rgba(255,255,255,0)&#8220; background_color_gradient_end_position=&#8220;80%&#8220; background_image=&#8220;https:\/\/homehartmann.com\/wp-content\/uploads\/2023\/07\/Gignese-8.jpg&#8220; custom_padding=&#8220;8vw|0px|0|0px|false|false&#8220; global_colors_info=&#8220;{}&#8220;][et_pb_row _builder_version=&#8220;4.16&#8243; global_colors_info=&#8220;{}&#8220;][et_pb_column type=&#8220;4_4&#8243; _builder_version=&#8220;4.16&#8243; custom_padding=&#8220;|||&#8220; global_colors_info=&#8220;{}&#8220; custom_padding__hover=&#8220;|||&#8220;][et_pb_text _builder_version=&#8220;4.16&#8243; text_font=&#8220;||||||||&#8220; header_font=&#8220;Raleway|700|||||||&#8220; header_font_size=&#8220;80px&#8220; header_line_height=&#8220;1.2em&#8220; header_5_font=&#8220;Raleway|700||on|||||&#8220; header_5_text_color=&#8220;#000000&#8243; header_5_font_size=&#8220;20px&#8220; header_5_letter_spacing=&#8220;0.5em&#8220; header_5_line_height=&#8220;1.8em&#8220; animation_style=&#8220;zoom&#8220; animation_intensity_zoom=&#8220;5%&#8220; header_font_size_tablet=&#8220;48px&#8220; header_font_size_phone=&#8220;32px&#8220; header_font_size_last_edited=&#8220;on|phone&#8220; header_5_font_size_tablet=&#8220;14px&#8220; header_5_font_size_phone=&#8220;12px&#8220; header_5_font_size_last_edited=&#8220;on|desktop&#8220; global_colors_info=&#8220;{}&#8220;]<\/p>\n<h5>Zimmer<\/h5>\n<h1>Anahata Verde<\/h1>\n<p>[\/et_pb_text][\/et_pb_column][\/et_pb_row][et_pb_row column_structure=&#8220;1_3,1_3,1_3&#8243; use_custom_gutter=&#8220;on&#8220; make_equal=&#8220;on&#8220; custom_padding_last_edited=&#8220;on|desktop&#8220; _builder_version=&#8220;4.21.0&#8243; background_color=&#8220;#ffffff&#8220; width=&#8220;90%&#8220; max_width=&#8220;90%&#8220; module_alignment=&#8220;left&#8220; custom_margin=&#8220;8vw||||false&#8220; custom_padding=&#8220;0|0px|0px|15vw|false|false&#8220; custom_padding_tablet=&#8220;|||10vw&#8220; custom_padding_phone=&#8220;&#8220; animation_style=&#8220;slide&#8220; animation_direction=&#8220;left&#8220; animation_intensity_slide=&#8220;5%&#8220; hover_enabled=&#8220;0&#8243; use_custom_width=&#8220;on&#8220; width_unit=&#8220;off&#8220; custom_width_percent=&#8220;90%&#8220; locked=&#8220;off&#8220; global_colors_info=&#8220;{}&#8220; sticky_enabled=&#8220;0&#8243;][et_pb_column type=&#8220;1_3&#8243; _builder_version=&#8220;4.16&#8243; custom_padding=&#8220;74px|||&#8220; custom_padding_tablet=&#8220;40px|||&#8220; custom_padding_phone=&#8220;20px|||&#8220; custom_padding_last_edited=&#8220;off|desktop&#8220; global_colors_info=&#8220;{}&#8220; padding_phone=&#8220;20px|||&#8220; padding_tablet=&#8220;40px|||&#8220; padding_last_edited=&#8220;off|desktop&#8220; custom_padding__hover=&#8220;|||&#8220;][et_pb_blurb title=&#8220;Dreibettzimmer im ersten Stock&#8220; use_icon=&#8220;on&#8220; font_icon=&#8220;&#xf236;||fa||900&#8243; icon_color=&#8220;#c3cfd6&#8243; icon_placement=&#8220;left&#8220; image_icon_width=&#8220;24px&#8220; _builder_version=&#8220;4.21.0&#8243; header_level=&#8220;h5&#8243; header_font=&#8220;Raleway|700|||||||&#8220; header_line_height=&#8220;1.4em&#8220; icon_font_size=&#8220;24px&#8220; global_colors_info=&#8220;{}&#8220;][\/et_pb_blurb][\/et_pb_column][et_pb_column type=&#8220;1_3&#8243; _builder_version=&#8220;4.16&#8243; custom_padding=&#8220;74px|||&#8220; custom_padding_tablet=&#8220;40px|||&#8220; custom_padding_phone=&#8220;20px|||&#8220; custom_padding_last_edited=&#8220;off|desktop&#8220; global_colors_info=&#8220;{}&#8220; padding_phone=&#8220;20px|||&#8220; padding_tablet=&#8220;40px|||&#8220; padding_last_edited=&#8220;off|desktop&#8220; custom_padding__hover=&#8220;|||&#8220;][et_pb_blurb title=&#8220;30 Quadratmeter. &#8220; use_icon=&#8220;on&#8220; font_icon=&#8220;&#xf1b2;||fa||900&#8243; icon_color=&#8220;#c3cfd6&#8243; icon_placement=&#8220;left&#8220; image_icon_width=&#8220;24px&#8220; _builder_version=&#8220;4.21.0&#8243; header_level=&#8220;h5&#8243; header_font=&#8220;Raleway|700|||||||&#8220; header_line_height=&#8220;1.4em&#8220; icon_font_size=&#8220;24px&#8220; global_colors_info=&#8220;{}&#8220;][\/et_pb_blurb][\/et_pb_column][et_pb_column type=&#8220;1_3&#8243; _builder_version=&#8220;4.21.0&#8243; background_color=&#8220;#D6075C&#8220; custom_padding=&#8220;|||&#8220; custom_padding_tablet=&#8220;40px|||&#8220; custom_padding_phone=&#8220;20px|||&#8220; custom_padding_last_edited=&#8220;off|desktop&#8220; hover_enabled=&#8220;0&#8243; global_colors_info=&#8220;{}&#8220; padding_phone=&#8220;20px|||&#8220; padding_tablet=&#8220;40px|||&#8220; padding_last_edited=&#8220;off|desktop&#8220; custom_padding__hover=&#8220;|||&#8220; sticky_enabled=&#8220;0&#8243;][et_pb_button button_text=&#8220;Buch&#8220; button_alignment=&#8220;center&#8220; _builder_version=&#8220;4.21.0&#8243; custom_button=&#8220;on&#8220; button_text_color=&#8220;#ffffff&#8220; button_bg_color=&#8220;#D6075C&#8220; button_border_width=&#8220;10px&#8220; button_border_color=&#8220;rgba(0,0,0,0)&#8220; button_border_radius=&#8220;0px&#8220; button_font=&#8220;Raleway|700|||||||&#8220; custom_padding=&#8220;60px||60px||true&#8220; hover_enabled=&#8220;0&#8243; button_border_radius_hover=&#8220;0px&#8220; global_colors_info=&#8220;{}&#8220; button_text_size__hover_enabled=&#8220;off&#8220; button_one_text_size__hover_enabled=&#8220;off&#8220; button_two_text_size__hover_enabled=&#8220;off&#8220; button_text_color__hover_enabled=&#8220;off&#8220; button_one_text_color__hover_enabled=&#8220;off&#8220; button_two_text_color__hover_enabled=&#8220;off&#8220; button_border_width__hover_enabled=&#8220;off&#8220; button_one_border_width__hover_enabled=&#8220;off&#8220; button_two_border_width__hover_enabled=&#8220;off&#8220; button_border_color__hover_enabled=&#8220;off&#8220; button_one_border_color__hover_enabled=&#8220;off&#8220; button_two_border_color__hover_enabled=&#8220;off&#8220; button_border_radius__hover_enabled=&#8220;on&#8220; button_border_radius__hover=&#8220;0px&#8220; button_one_border_radius__hover_enabled=&#8220;off&#8220; button_two_border_radius__hover_enabled=&#8220;off&#8220; button_letter_spacing__hover_enabled=&#8220;off&#8220; button_one_letter_spacing__hover_enabled=&#8220;off&#8220; button_two_letter_spacing__hover_enabled=&#8220;off&#8220; button_bg_color__hover_enabled=&#8220;off&#8220; button_one_bg_color__hover_enabled=&#8220;off&#8220; button_two_bg_color__hover_enabled=&#8220;off&#8220; button_bg_enable_color=&#8220;on&#8220; sticky_enabled=&#8220;0&#8243; button_url=&#8220;https:\/\/homehartmann.beddy.io\/&#8220; url_new_window=&#8220;on&#8220;][\/et_pb_button][\/et_pb_column][\/et_pb_row][\/et_pb_section][et_pb_section fb_built=&#8220;1&#8243; admin_label=&#8220;Room Details&#8220; _builder_version=&#8220;4.16&#8243; global_colors_info=&#8220;{}&#8220;][et_pb_row _builder_version=&#8220;4.16&#8243; global_colors_info=&#8220;{}&#8220;][et_pb_column type=&#8220;4_4&#8243; _builder_version=&#8220;4.16&#8243; custom_padding=&#8220;|||&#8220; global_colors_info=&#8220;{}&#8220; custom_padding__hover=&#8220;|||&#8220;][et_pb_text _builder_version=&#8220;4.21.0&#8243; header_4_font=&#8220;Raleway|700|||||||&#8220; header_4_font_size=&#8220;20px&#8220; header_4_line_height=&#8220;1.4em&#8220; global_colors_info=&#8220;{}&#8220;]<\/p>\n<h4 style=\"text-align: justify;\">Eigenschaften<\/h4>\n<ul>\n<li>TRIPLE 30 mp.<\/li>\n<li>2 Einzelbetten 90X200 und ein Hochbett 120X200<\/li>\n<li>3 Erwachsene<\/li>\n<li>Zwei Fenster im Schlafzimmer und eines im Badezimmer<\/li>\n<li>Klimaanlage, Haartrockner, TV, Wifi, gro\u00dfer Schreibtisch mit Lampe, gro\u00dfer Einbauschrank, 100% italienische Bettw\u00e4sche, Handt\u00fccher, Seife und Shampoo, Wattest\u00e4bchen, Abschminkpads, Duschhaube.<\/li>\n<li>Privates Badezimmer mit Dusche, Waschbecken mit Spiegel, hervorragende Beleuchtung<\/li>\n<li>Sehr gro\u00dfer und gut beleuchteter Raum. Wenn das Hochbeet von zwei Personen bewohnt wird, kann es zu einer Ruhezone werden.<\/li>\n<\/ul>\n<p>&nbsp;<\/p>\n<p>&nbsp;<\/p>\n<p>[\/et_pb_text][\/et_pb_column][\/et_pb_row][et_pb_row column_structure=&#8220;1_3,1_3,1_3&#8243; _builder_version=&#8220;4.16&#8243; custom_padding=&#8220;0|0px|27px|0px|false|false&#8220; global_colors_info=&#8220;{}&#8220;][et_pb_column type=&#8220;1_3&#8243; _builder_version=&#8220;4.16&#8243; custom_padding=&#8220;|||&#8220; global_colors_info=&#8220;{}&#8220; custom_padding__hover=&#8220;|||&#8220;][et_pb_number_counter title=&#8220;Betten&#8220; number=&#8220;3&#8243; percent_sign=&#8220;off&#8220; _builder_version=&#8220;4.21.0&#8243; title_font=&#8220;||||||||&#8220; title_text_color=&#8220;#666666&#8243; title_font_size=&#8220;14px&#8220; number_font=&#8220;Raleway|700|||||||&#8220; number_text_color=&#8220;#b2b9c4&#8243; number_font_size=&#8220;48px&#8220; number_line_height=&#8220;100px&#8220; locked=&#8220;off&#8220; global_colors_info=&#8220;{}&#8220;][\/et_pb_number_counter][\/et_pb_column][et_pb_column type=&#8220;1_3&#8243; _builder_version=&#8220;4.16&#8243; custom_padding=&#8220;|||&#8220; global_colors_info=&#8220;{}&#8220; custom_padding__hover=&#8220;|||&#8220;][et_pb_number_counter title=&#8220;Badezimmer&#8220; number=&#8220;1&#8243; percent_sign=&#8220;off&#8220; _builder_version=&#8220;4.21.0&#8243; title_font=&#8220;||||||||&#8220; title_text_color=&#8220;#666666&#8243; title_font_size=&#8220;14px&#8220; number_font=&#8220;Raleway|700|||||||&#8220; number_text_color=&#8220;#b2b9c4&#8243; number_font_size=&#8220;48px&#8220; number_line_height=&#8220;100px&#8220; locked=&#8220;off&#8220; global_colors_info=&#8220;{}&#8220;][\/et_pb_number_counter][\/et_pb_column][et_pb_column type=&#8220;1_3&#8243; _builder_version=&#8220;4.16&#8243; custom_padding=&#8220;|||&#8220; global_colors_info=&#8220;{}&#8220; custom_padding__hover=&#8220;|||&#8220;][et_pb_number_counter title=&#8220;Erwachsene&#8220; number=&#8220;3&#8243; percent_sign=&#8220;off&#8220; _builder_version=&#8220;4.21.0&#8243; title_font=&#8220;||||||||&#8220; title_text_color=&#8220;#666666&#8243; title_font_size=&#8220;14px&#8220; number_font=&#8220;Raleway|700|||||||&#8220; number_text_color=&#8220;#b2b9c4&#8243; number_font_size=&#8220;48px&#8220; number_line_height=&#8220;100px&#8220; locked=&#8220;off&#8220; global_colors_info=&#8220;{}&#8220;][\/et_pb_number_counter][\/et_pb_column][\/et_pb_row][et_pb_row _builder_version=&#8220;4.21.0&#8243; _module_preset=&#8220;default&#8220; width=&#8220;100%&#8220; max_width=&#8220;100%&#8220; global_colors_info=&#8220;{}&#8220;][et_pb_column type=&#8220;4_4&#8243; _builder_version=&#8220;4.21.0&#8243; _module_preset=&#8220;default&#8220; global_colors_info=&#8220;{}&#8220;][difl_justifiedgallery gallery=&#8220;403,391,411,415&#8243; image_size=&#8220;large&#8220; rowheight=&#8220;350&#8243; use_lightbox=&#8220;on&#8220; overlay=&#8220;on&#8220; overlay_primary=&#8220;rgba(178,185,196,0.19)&#8220; overlay_secondary=&#8220;#FFFFFF&#8220; image_scale=&#8220;c4-image-zoom-in&#8220; _builder_version=&#8220;4.21.0&#8243; _module_preset=&#8220;default&#8220; global_colors_info=&#8220;{}&#8220;][\/difl_justifiedgallery][et_pb_button button_text=&#8220;Buch&#8220; button_alignment=&#8220;center&#8220; _builder_version=&#8220;4.21.0&#8243; custom_button=&#8220;on&#8220; button_text_color=&#8220;#ffffff&#8220; button_bg_color=&#8220;#D6075C&#8220; button_border_width=&#8220;10px&#8220; button_border_color=&#8220;rgba(0,0,0,0)&#8220; button_border_radius=&#8220;0px&#8220; button_font=&#8220;Raleway|700|||||||&#8220; custom_padding=&#8220;|80px||80px|false|true&#8220; hover_enabled=&#8220;0&#8243; button_border_radius_hover=&#8220;0px&#8220; locked=&#8220;off&#8220; global_colors_info=&#8220;{}&#8220; button_text_size__hover_enabled=&#8220;off&#8220; button_one_text_size__hover_enabled=&#8220;off&#8220; button_two_text_size__hover_enabled=&#8220;off&#8220; button_text_color__hover_enabled=&#8220;off&#8220; button_one_text_color__hover_enabled=&#8220;off&#8220; button_two_text_color__hover_enabled=&#8220;off&#8220; button_border_width__hover_enabled=&#8220;off&#8220; button_one_border_width__hover_enabled=&#8220;off&#8220; button_two_border_width__hover_enabled=&#8220;off&#8220; button_border_color__hover_enabled=&#8220;off&#8220; button_one_border_color__hover_enabled=&#8220;off&#8220; button_two_border_color__hover_enabled=&#8220;off&#8220; button_border_radius__hover_enabled=&#8220;on&#8220; button_border_radius__hover=&#8220;0px&#8220; button_one_border_radius__hover_enabled=&#8220;off&#8220; button_two_border_radius__hover_enabled=&#8220;off&#8220; button_letter_spacing__hover_enabled=&#8220;off&#8220; button_one_letter_spacing__hover_enabled=&#8220;off&#8220; button_two_letter_spacing__hover_enabled=&#8220;off&#8220; button_bg_color__hover_enabled=&#8220;off&#8220; button_one_bg_color__hover_enabled=&#8220;off&#8220; button_two_bg_color__hover_enabled=&#8220;off&#8220; button_bg_enable_color=&#8220;on&#8220; sticky_enabled=&#8220;0&#8243; button_url=&#8220;https:\/\/homehartmann.beddy.io\/&#8220; url_new_window=&#8220;on&#8220;][\/et_pb_button][\/et_pb_column][\/et_pb_row][et_pb_row _builder_version=&#8220;4.21.0&#8243; _module_preset=&#8220;default&#8220;][et_pb_column _builder_version=&#8220;4.21.0&#8243; _module_preset=&#8220;default&#8220; type=&#8220;4_4&#8243;][et_pb_code _builder_version=&#8220;4.21.0&#8243; _module_preset=&#8220;default&#8220; hover_enabled=&#8220;0&#8243; sticky_enabled=&#8220;0&#8243;]<script charset=\"UTF-8\" defer src=\"https:\/\/cdn.beddy.io\/bol-v2\/prod\/beddy-bar-web-component.js\"><\/script><beddy-bar lang=\"it\" widgetcode=\"ca0582dee09b6\"><\/beddy-bar>[\/et_pb_code][\/et_pb_column][\/et_pb_row][\/et_pb_section]<\/p>\n","protected":false},"excerpt":{"rendered":"<p>Zimmer Anahata VerdeEigenschaften TRIPLE 30 mp. 2 Einzelbetten 90X200 und ein Hochbett 120X200 3 Erwachsene Zwei Fenster im Schlafzimmer und eines im Badezimmer Klimaanlage, Haartrockner, TV, Wifi, gro\u00dfer Schreibtisch mit Lampe, gro\u00dfer Einbauschrank, 100% italienische Bettw\u00e4sche, Handt\u00fccher, Seife und Shampoo, Wattest\u00e4bchen, Abschminkpads, Duschhaube. Privates Badezimmer mit Dusche, Waschbecken mit Spiegel, hervorragende Beleuchtung Sehr gro\u00dfer und [&hellip;]<\/p>\n","protected":false},"author":1,"featured_media":0,"parent":0,"menu_order":0,"comment_status":"closed","ping_status":"closed","template":"","meta":{"_et_pb_use_builder":"on","_et_pb_old_content":"","_et_gb_content_width":"","footnotes":""},"difl_page_category":[],"class_list":["post-1434","page","type-page","status-publish","hentry"],"_links":{"self":[{"href":"https:\/\/homehartmann.com\/de\/wp-json\/wp\/v2\/pages\/1434","targetHints":{"allow":["GET"]}}],"collection":[{"href":"https:\/\/homehartmann.com\/de\/wp-json\/wp\/v2\/pages"}],"about":[{"href":"https:\/\/homehartmann.com\/de\/wp-json\/wp\/v2\/types\/page"}],"author":[{"embeddable":true,"href":"https:\/\/homehartmann.com\/de\/wp-json\/wp\/v2\/users\/1"}],"replies":[{"embeddable":true,"href":"https:\/\/homehartmann.com\/de\/wp-json\/wp\/v2\/comments?post=1434"}],"version-history":[{"count":4,"href":"https:\/\/homehartmann.com\/de\/wp-json\/wp\/v2\/pages\/1434\/revisions"}],"predecessor-version":[{"id":1580,"href":"https:\/\/homehartmann.com\/de\/wp-json\/wp\/v2\/pages\/1434\/revisions\/1580"}],"wp:attachment":[{"href":"https:\/\/homehartmann.com\/de\/wp-json\/wp\/v2\/media?parent=1434"}],"wp:term":[{"taxonomy":"difl_page_category","embeddable":true,"href":"https:\/\/homehartmann.com\/de\/wp-json\/wp\/v2\/difl_page_category?post=1434"}],"curies":[{"name":"wp","href":"https:\/\/api.w.org\/{rel}","templated":true}]}}